{"id":1211,"date":"2025-03-17T20:26:50","date_gmt":"2025-03-17T20:26:50","guid":{"rendered":"https:\/\/perfectpools4you.com\/?page_id=1211"},"modified":"2025-03-17T20:26:50","modified_gmt":"2025-03-17T20:26:50","slug":"resolucao-de-litigios","status":"publish","type":"page","link":"https:\/\/perfectpools4you.com\/?page_id=1211","title":{"rendered":"Resolu\u00e7\u00e3o de Lit\u00edgios"},"content":{"rendered":"\n<div class=\"wp-block-cover alignfull is-light\"><span aria-hidden=\"true\" class=\"wp-block-cover__background has-background-dim\" style=\"background-color:#70c1ea\"><\/span><img loading=\"lazy\" decoding=\"async\" width=\"1920\" height=\"1080\" class=\"wp-block-cover__image-background wp-image-1090\" alt=\"\" src=\"https:\/\/perfectpools4you.com\/wp-content\/uploads\/2025\/03\/Design-sem-nome-3.png\" style=\"object-position:56% 100%\" data-object-fit=\"cover\" data-object-position=\"56% 100%\" srcset=\"https:\/\/perfectpools4you.com\/wp-content\/uploads\/2025\/03\/Design-sem-nome-3.png 1920w, https:\/\/perfectpools4you.com\/wp-content\/uploads\/2025\/03\/Design-sem-nome-3-300x169.png 300w, https:\/\/perfectpools4you.com\/wp-content\/uploads\/2025\/03\/Design-sem-nome-3-1024x576.png 1024w, https:\/\/perfectpools4you.com\/wp-content\/uploads\/2025\/03\/Design-sem-nome-3-768x432.png 768w, https:\/\/perfectpools4you.com\/wp-content\/uploads\/2025\/03\/Design-sem-nome-3-1536x864.png 1536w, https:\/\/perfectpools4you.com\/wp-content\/uploads\/2025\/03\/Design-sem-nome-3-600x338.png 600w\" sizes=\"auto, (max-width: 1920px) 100vw, 1920px\" \/><div class=\"wp-block-cover__inner-container has-global-padding is-layout-constrained wp-block-cover-is-layout-constrained\">\n<p class=\"has-text-align-center has-contrast-color has-text-color has-link-color has-x-large-font-size wp-elements-51c074bf93aa99d177581a79143d85b8\" style=\"font-style:normal;font-weight:700\">Resolu\u00e7\u00e3o de Lit\u00edgios<\/p>\n<\/div><\/div>\n\n\n\n<p>Em caso de lit\u00edgio o consumidor pode recorrer a uma Entidade de Resolu\u00e7\u00e3o Alternativa de Lit\u00edgios de consumo:<\/p>\n\n\n\n<p>Centro de Arbitragem de Conflitos de Consumo de Lisboa<br><a href=\"https:\/\/www.centroarbitragemlisboa.pt\" target=\"_blank\" rel=\"noreferrer noopener\">www.centroarbitragemlisboa.pt<\/a><\/p>\n\n\n\n<p>Centro de Arbitragem de Conflitos de Consumo do Vale do Ave \/ Tribunal Arbitral<br><a href=\"https:\/\/www.triave.pt\" target=\"_blank\" rel=\"noreferrer noopener\">www.triave.pt<\/a><\/p>\n\n\n\n<p>CIAB \u2013 Centro de Informa\u00e7\u00e3o, Media\u00e7\u00e3o e Arbitragem de Consumo (Tribunal Arbitral de Consumo)<br><a href=\"https:\/\/www.ciab.pt\" target=\"_blank\" rel=\"noreferrer noopener\">www.ciab.pt<\/a><\/p>\n\n\n\n<p>CNIACC \u2013 Centro Nacional de Informa\u00e7\u00e3o e Arbitragem de Conflitos de Consumo<br><a href=\"https:\/\/www.cniacc.pt\" target=\"_blank\" rel=\"noreferrer noopener\">www.cniacc.pt<\/a><\/p>\n\n\n\n<p>Centro de Arbitragem de Conflitos de Consumo do Distrito de Coimbra<br><a href=\"https:\/\/www.centrodearbitragemdecoimbra.com\" target=\"_blank\" rel=\"noreferrer noopener\">www.centrodearbitragemdecoimbra.com<\/a><\/p>\n\n\n\n<p>Centro de Informa\u00e7\u00e3o, Media\u00e7\u00e3o e Arbitragem de Conflitos de Consumo do Algarve<br><a href=\"https:\/\/www.consumoalgarve.pt\" target=\"_blank\" rel=\"noreferrer noopener\">www.consumoalgarve.pt<\/a><\/p>\n\n\n\n<p>Centro de Informa\u00e7\u00e3o de Consumo e Arbitragem do Porto<br><a href=\"https:\/\/www.cicap.pt\" target=\"_blank\" rel=\"noreferrer noopener\">www.cicap.pt<\/a><\/p>\n\n\n\n<p>Centro de Arbitragem de Conflitos de Consumo da Madeirab<br><a href=\"https:\/\/www.madeira.gov.pt\/cacc\" target=\"_blank\" rel=\"noreferrer noopener\">www.madeira.gov.pt\/cacc<\/a><\/p>\n\n\n\n<p>Mais informa\u00e7\u00f5es em Portal do Consumidor<br><a href=\"https:\/\/www.consumidor.pt\" target=\"_blank\" rel=\"noreferrer noopener\">www.consumidor.pt<\/a><\/p>\n","protected":false},"excerpt":{"rendered":"<p>Em caso de lit\u00edgio o consumidor pode recorrer a uma Entidade de Resolu\u00e7\u00e3o Alternativa de Lit\u00edgios de consumo: Centro de Arbitragem de Conflitos de Consumo de Lisboawww.centroarbitragemlisboa.pt Centro de Arbitragem de Conflitos de Consumo do Vale do Ave \/ Tribunal Arbitralwww.triave.pt CIAB \u2013 Centro de Informa\u00e7\u00e3o, Media\u00e7\u00e3o e Arbitragem de Consumo (Tribunal Arbitral de Consumo)www.ciab.pt [&hellip;]<\/p>\n","protected":false},"author":1,"featured_media":0,"parent":0,"menu_order":0,"comment_status":"closed","ping_status":"closed","template":"page-no-title","meta":{"_gspb_post_css":"","_themeisle_gutenberg_block_has_review":false,"footnotes":""},"class_list":["post-1211","page","type-page","status-publish","hentry"],"_links":{"self":[{"href":"https:\/\/perfectpools4you.com\/index.php?rest_route=\/wp\/v2\/pages\/1211","targetHints":{"allow":["GET"]}}],"collection":[{"href":"https:\/\/perfectpools4you.com\/index.php?rest_route=\/wp\/v2\/pages"}],"about":[{"href":"https:\/\/perfectpools4you.com\/index.php?rest_route=\/wp\/v2\/types\/page"}],"author":[{"embeddable":true,"href":"https:\/\/perfectpools4you.com\/index.php?rest_route=\/wp\/v2\/users\/1"}],"replies":[{"embeddable":true,"href":"https:\/\/perfectpools4you.com\/index.php?rest_route=%2Fwp%2Fv2%2Fcomments&post=1211"}],"version-history":[{"count":1,"href":"https:\/\/perfectpools4you.com\/index.php?rest_route=\/wp\/v2\/pages\/1211\/revisions"}],"predecessor-version":[{"id":1213,"href":"https:\/\/perfectpools4you.com\/index.php?rest_route=\/wp\/v2\/pages\/1211\/revisions\/1213"}],"wp:attachment":[{"href":"https:\/\/perfectpools4you.com\/index.php?rest_route=%2Fwp%2Fv2%2Fmedia&parent=1211"}],"curies":[{"name":"wp","href":"https:\/\/api.w.org\/{rel}","templated":true}]}}