{"id":1128,"date":"2025-03-15T09:44:54","date_gmt":"2025-03-15T09:44:54","guid":{"rendered":"https:\/\/perfectpools4you.com\/?page_id=1128"},"modified":"2026-01-10T15:42:48","modified_gmt":"2026-01-10T15:42:48","slug":"limpeza-tratamento","status":"publish","type":"page","link":"https:\/\/perfectpools4you.com\/?page_id=1128","title":{"rendered":"Limpeza &amp; Tratamento"},"content":{"rendered":"\n<section id=\"wp-block-themeisle-blocks-advanced-columns-c2246ca3\" class=\"wp-block-themeisle-blocks-advanced-columns alignfull has-1-columns has-desktop-equal-layout has-tablet-equal-layout has-mobile-equal-layout has-vertical-flex-start has-light-bg\"><div class=\"wp-block-themeisle-blocks-advanced-columns-overlay\"><\/div><div class=\"innerblocks-wrap\">\n<div id=\"wp-block-themeisle-blocks-advanced-column-f7ab0ca7\" class=\"wp-block-themeisle-blocks-advanced-column\">\n<section id=\"wp-block-themeisle-blocks-advanced-columns-85d9d5c8\" class=\"wp-block-themeisle-blocks-advanced-columns has-1-columns has-desktop-equal-layout has-tablet-equal-layout has-mobile-collapsedRows-layout has-vertical-flex-start\"><div class=\"wp-block-themeisle-blocks-advanced-columns-overlay\"><\/div><div class=\"innerblocks-wrap\">\n<div id=\"wp-block-themeisle-blocks-advanced-column-d38987b1\" class=\"wp-block-themeisle-blocks-advanced-column\">\n<p class=\"has-text-align-center has-base-color has-text-color has-link-color has-small-font-size wp-elements-8deb50c26f1e0caeeeb01e6d1ab2942e\">Uma piscina bem cuidada prolonga a sua vida \u00fatil e garante uma \u00e1gua sempre limpa e segura.<\/p>\n\n\n\n<h2 class=\"wp-block-heading has-text-align-center has-base-2-color has-text-color has-link-color wp-elements-b5a69b81e3b7f4f8762d97314d293144\" id=\"additional-services-1\" style=\"font-style:normal;font-weight:700\">Limpeza &amp; Tratamento<\/h2>\n\n\n\n<hr class=\"wp-block-separator has-text-color has-base-2-color has-alpha-channel-opacity has-base-2-background-color has-background is-style-wide\"\/>\n\n\n\n<h3 class=\"wp-block-heading has-text-align-left has-base-2-color has-text-color has-link-color wp-elements-abd67025adb432b71721a812330afc84\" id=\"limpeza-regular-da-piscina\"><strong>\u27a4 Limpeza Regular da Piscina<\/strong><\/h3>\n\n\n\n<p class=\"has-base-color has-text-color has-link-color wp-elements-3d3de0166c49fc3f65bc443babb72b7d\">Manter a piscina limpa vai muito al\u00e9m da est\u00e9tica \u2013 \u00e9 essencial para garantir uma \u00e1gua saud\u00e1vel e um ambiente seguro para os utilizadores. O nosso servi\u00e7o de limpeza regular inclui a remo\u00e7\u00e3o de folhas, sujidade e detritos, a aspira\u00e7\u00e3o do fundo da piscina e a limpeza das paredes e bordas. Al\u00e9m disso, verificamos o funcionamento do sistema de filtra\u00e7\u00e3o e fazemos ajustes sempre que necess\u00e1rio. Este cuidado constante reduz o esfor\u00e7o necess\u00e1rio para manter a piscina em bom estado, permitindo-lhe desfrutar mais tempo do seu espa\u00e7o aqu\u00e1tico sem preocupa\u00e7\u00f5es.<\/p>\n\n\n\n<p class=\"has-text-align-left has-base-2-color has-text-color has-link-color wp-elements-6912b592b3c94cd1b114316f7aee2272\"><strong>Benef\u00edcio:<\/strong> Menos esfor\u00e7o na manuten\u00e7\u00e3o e mais tempo para relaxar e aproveitar a sua piscina ao m\u00e1ximo.<\/p>\n\n\n\n<h3 class=\"wp-block-heading has-text-align-left has-base-2-color has-text-color has-link-color wp-elements-38d246e1026af8bbc5cd5cd8f3a8b637\" id=\"tratamento-equilibrio-da-agua\"><strong>\u27a4 Tratamento &amp; Equil\u00edbrio da \u00c1gua<\/strong><\/h3>\n\n\n\n<p class=\"has-base-color has-text-color has-link-color wp-elements-f4702b845e980d77fdd331fd31acbba2\">A qualidade da \u00e1gua da piscina depende de um equil\u00edbrio qu\u00edmico adequado. Ajustamos os n\u00edveis de pH, cloro e alcalinidade para garantir que a \u00e1gua se mant\u00e9m cristalina e segura. Utilizamos produtos espec\u00edficos para prevenir o aparecimento de algas, bact\u00e9rias e outros microrganismos, assegurando um ambiente saud\u00e1vel para os utilizadores. Al\u00e9m disso, o tratamento adequado da \u00e1gua tamb\u00e9m ajuda a evitar a corros\u00e3o dos equipamentos e prolonga a vida \u00fatil da piscina, reduzindo custos a longo prazo.<\/p>\n\n\n\n<p class=\"has-text-align-left has-base-2-color has-text-color has-link-color wp-elements-a7fa38c4d6762a07c7a904b591489137\"><strong>Benef\u00edcio:<\/strong> Garantia de uma \u00e1gua limpa e segura, com menos riscos para a sa\u00fade dos utilizadores e menor desgaste dos equipamentos, aumentando a durabilidade da piscina.<\/p>\n\n\n\n<h3 class=\"wp-block-heading has-text-align-left has-base-2-color has-text-color has-link-color wp-elements-c4bcb70421f0ff6139ffc1e75eb74fdb\" id=\"abertura-e-fecho-sazonal\"><strong>\u27a4 Abertura e Fecho Sazonal<\/strong><\/h3>\n\n\n\n<p class=\"has-base-color has-text-color has-link-color wp-elements-e1c12425d0859ef5ee5b9ed15da10e7d\">A piscina exige cuidados espec\u00edficos no in\u00edcio e no final da \u00e9poca balnear. No ver\u00e3o, realizamos uma limpeza profunda, verificamos o sistema de filtra\u00e7\u00e3o e ajustamos os par\u00e2metros da \u00e1gua para garantir uma utiliza\u00e7\u00e3o segura. Durante o inverno, protegemos a piscina com coberturas adequadas, reduzimos o uso de produtos qu\u00edmicos e preparamos os equipamentos para evitar danos causados pelo frio ou pela falta de circula\u00e7\u00e3o da \u00e1gua. Este servi\u00e7o ajuda a evitar problemas como o congelamento dos equipamentos ou o crescimento de algas durante a inatividade.<\/p>\n\n\n\n<p class=\"has-text-align-left has-base-2-color has-text-color has-link-color wp-elements-3c22d27f3e4cf64b5ab63f3ad3b18042\"><strong>Benef\u00edcio:<\/strong> Preven\u00e7\u00e3o de danos, prote\u00e7\u00e3o da estrutura e equipamentos da piscina e redu\u00e7\u00e3o dos custos de manuten\u00e7\u00e3o, garantindo que a sua piscina esteja sempre pronta para a pr\u00f3xima esta\u00e7\u00e3o.<\/p>\n\n\n\n<div style=\"height:100px\" aria-hidden=\"true\" class=\"wp-block-spacer\"><\/div>\n\n\n\n<div class=\"wp-block-group alignfull has-background has-global-padding is-layout-constrained wp-container-core-group-is-layout-72190d31 wp-block-group-is-layout-constrained\" style=\"background-color:#f0ede6;margin-top:0;margin-bottom:0;padding-top:0;padding-right:0;padding-bottom:0;padding-left:0\">\n<div class=\"wp-block-group alignwide has-base-2-background-color has-background has-medium-font-size has-global-padding is-layout-constrained wp-container-core-group-is-layout-39412042 wp-block-group-is-layout-constrained\" style=\"border-radius:16px;padding-top:var(--wp--preset--spacing--40);padding-right:var(--wp--preset--spacing--50);padding-bottom:var(--wp--preset--spacing--40);padding-left:var(--wp--preset--spacing--50);background-image:url(&#039;https:\/\/perfectpools4you.com\/wp-content\/uploads\/2025\/03\/high-angle-woman-cleaning-floors.jpg&#039;);background-size:cover;background-attachment:fixed;\">\n<div style=\"height:var(--wp--preset--spacing--10)\" aria-hidden=\"true\" class=\"wp-block-spacer\"><\/div>\n\n\n\n<h2 class=\"wp-block-heading has-text-align-center has-contrast-color has-text-color has-link-color has-x-large-font-size wp-elements-d2fcdaf6ad98c818523bfcca15803e8b\" id=\"join-900-subscribers-1\"><strong>Pe\u00e7a um or\u00e7amento gratuito ou esclare\u00e7a as suas d\u00favidas com os nossos especialistas.<\/strong><\/h2>\n\n\n\n<div class=\"wp-block-buttons is-content-justification-center is-layout-flex wp-container-core-buttons-is-layout-a89b3969 wp-block-buttons-is-layout-flex\">\n<div class=\"wp-block-button\"><a class=\"wp-block-button__link has-contrast-color has-text-color has-background has-link-color wp-element-button\" href=\"https:\/\/perfectpools4you.com\/?page_id=1058\" style=\"background-color:#f0a733\">Contactos<\/a><\/div>\n<\/div>\n\n\n\n<div style=\"height:var(--wp--preset--spacing--10)\" aria-hidden=\"true\" class=\"wp-block-spacer\"><\/div>\n<\/div>\n<\/div>\n\n\n\n<div style=\"height:100px\" aria-hidden=\"true\" class=\"wp-block-spacer\"><\/div>\n\n\n\n<h2 class=\"wp-block-heading has-text-align-left has-base-2-color has-text-color has-link-color wp-elements-d3dd762cf40a3e552aa1997e0c80e8c3\" id=\"additional-services-1\" style=\"font-style:normal;font-weight:700\">Servi\u00e7os Adicionais<\/h2>\n\n\n\n<p class=\"has-text-align-left has-base-2-color has-text-color has-link-color wp-elements-ecdcc8eb2ae8a777d13148d48496836b\">Al\u00e9m da manuten\u00e7\u00e3o da sua piscina, tamb\u00e9m realizamos <strong>instala\u00e7\u00e3o e manuten\u00e7\u00e3o de equipamentos<\/strong>, garantindo o bom funcionamento de bombas, filtros e coberturas. Se procura transformar ou construir uma nova piscina, o nosso servi\u00e7o de <strong>constru\u00e7\u00e3o e renova\u00e7\u00e3o<\/strong> oferece solu\u00e7\u00f5es personalizadas e duradouras.<\/p>\n<\/div>\n<\/div><\/section>\n\n\n\n<section id=\"wp-block-themeisle-blocks-advanced-columns-876b0433\" class=\"wp-block-themeisle-blocks-advanced-columns has-2-columns has-desktop-equal-layout has-tablet-equal-layout has-mobile-collapsedRows-layout has-vertical-flex-start\"><div class=\"wp-block-themeisle-blocks-advanced-columns-overlay\"><\/div><div class=\"innerblocks-wrap\">\n<div id=\"wp-block-themeisle-blocks-advanced-column-6be03cf4\" class=\"wp-block-themeisle-blocks-advanced-column\">\n<figure class=\"wp-block-image size-large\"><img loading=\"lazy\" decoding=\"async\" width=\"1024\" height=\"683\" src=\"https:\/\/perfectpools4you.com\/wp-content\/uploads\/2025\/03\/stair-around-outdoor-swimming-pool-hotel-resort-1024x683.jpg\" alt=\"\" class=\"wp-image-1097\" srcset=\"https:\/\/perfectpools4you.com\/wp-content\/uploads\/2025\/03\/stair-around-outdoor-swimming-pool-hotel-resort-1024x683.jpg 1024w, https:\/\/perfectpools4you.com\/wp-content\/uploads\/2025\/03\/stair-around-outdoor-swimming-pool-hotel-resort-300x200.jpg 300w, https:\/\/perfectpools4you.com\/wp-content\/uploads\/2025\/03\/stair-around-outdoor-swimming-pool-hotel-resort-768x512.jpg 768w, https:\/\/perfectpools4you.com\/wp-content\/uploads\/2025\/03\/stair-around-outdoor-swimming-pool-hotel-resort-1536x1024.jpg 1536w, https:\/\/perfectpools4you.com\/wp-content\/uploads\/2025\/03\/stair-around-outdoor-swimming-pool-hotel-resort-2048x1365.jpg 2048w, https:\/\/perfectpools4you.com\/wp-content\/uploads\/2025\/03\/stair-around-outdoor-swimming-pool-hotel-resort-600x400.jpg 600w\" sizes=\"auto, (max-width: 1024px) 100vw, 1024px\" \/><\/figure>\n\n\n\n<div style=\"height:16px\" aria-hidden=\"true\" class=\"wp-block-spacer\"><\/div>\n\n\n\n<h3 class=\"wp-block-heading has-text-align-left has-base-2-color has-text-color has-link-color wp-elements-37d2f84ca5b23387aa6cbbc8cadaa9b5\" id=\"online-portal-1\" style=\"margin-top:0px;font-style:normal;font-weight:700\">Instala\u00e7\u00e3o &amp; Manuten\u00e7\u00e3o<\/h3>\n\n\n\n<p class=\"has-text-align-left has-base-2-color has-text-color has-link-color wp-elements-fd7bf4812776a10afd8a3b1f80a6a499\">Mantenha a sua piscina sempre em perfeito funcionamento com a instala\u00e7\u00e3o e manuten\u00e7\u00e3o de bombas, filtros, coberturas e outros equipamentos essenciais.<\/p>\n\n\n\n<div class=\"wp-block-buttons is-layout-flex wp-block-buttons-is-layout-flex\">\n<div class=\"wp-block-button is-style-primary\"><a class=\"wp-block-button__link has-contrast-color has-text-color has-background has-link-color wp-element-button\" href=\"https:\/\/perfectpools4you.com\/?page_id=1173\" style=\"border-radius:22px;background-color:#f0a733\">Saiba Mais<\/a><\/div>\n<\/div>\n<\/div>\n\n\n\n<div id=\"wp-block-themeisle-blocks-advanced-column-b5b3ad1c\" class=\"wp-block-themeisle-blocks-advanced-column\">\n<figure class=\"wp-block-image size-large\"><img loading=\"lazy\" decoding=\"async\" width=\"1024\" height=\"683\" src=\"https:\/\/perfectpools4you.com\/wp-content\/uploads\/2025\/03\/close-up-swimming-pool-ladder-1024x683.jpg\" alt=\"\" class=\"wp-image-1134\" srcset=\"https:\/\/perfectpools4you.com\/wp-content\/uploads\/2025\/03\/close-up-swimming-pool-ladder-1024x683.jpg 1024w, https:\/\/perfectpools4you.com\/wp-content\/uploads\/2025\/03\/close-up-swimming-pool-ladder-300x200.jpg 300w, https:\/\/perfectpools4you.com\/wp-content\/uploads\/2025\/03\/close-up-swimming-pool-ladder-768x512.jpg 768w, https:\/\/perfectpools4you.com\/wp-content\/uploads\/2025\/03\/close-up-swimming-pool-ladder-1536x1024.jpg 1536w, https:\/\/perfectpools4you.com\/wp-content\/uploads\/2025\/03\/close-up-swimming-pool-ladder-2048x1365.jpg 2048w, https:\/\/perfectpools4you.com\/wp-content\/uploads\/2025\/03\/close-up-swimming-pool-ladder-600x400.jpg 600w\" sizes=\"auto, (max-width: 1024px) 100vw, 1024px\" \/><\/figure>\n\n\n\n<div style=\"height:16px\" aria-hidden=\"true\" class=\"wp-block-spacer\"><\/div>\n\n\n\n<h3 class=\"wp-block-heading has-text-align-left has-base-2-color has-text-color has-link-color wp-elements-d5c920003629fee66be33395451a3749\" id=\"agile-management-1\" style=\"margin-top:0px;font-style:normal;font-weight:700\">Constru\u00e7\u00e3o &amp; Renova\u00e7\u00e3o<\/h3>\n\n\n\n<p class=\"has-text-align-left has-base-2-color has-text-color has-link-color wp-elements-6cd678cfbe286a66fcb37d8b5ecd1593\">Transforme a sua piscina ou construa uma de raiz com solu\u00e7\u00f5es modernas, duradouras e personalizadas ao seu espa\u00e7o.<\/p>\n\n\n\n<div style=\"height:35px\" aria-hidden=\"true\" class=\"wp-block-spacer\"><\/div>\n\n\n\n<div class=\"wp-block-buttons is-layout-flex wp-block-buttons-is-layout-flex\">\n<div class=\"wp-block-button is-style-primary\"><a class=\"wp-block-button__link has-contrast-color has-text-color has-background has-link-color wp-element-button\" href=\"https:\/\/perfectpools4you.com\/?page_id=1177\" style=\"border-radius:22px;background-color:#f0a733\">Saiba Mais<\/a><\/div>\n<\/div>\n<\/div>\n<\/div><\/section>\n<\/div>\n<\/div><\/section>\n\n\n\n<p><\/p>\n","protected":false},"excerpt":{"rendered":"","protected":false},"author":1,"featured_media":0,"parent":0,"menu_order":0,"comment_status":"closed","ping_status":"closed","template":"page-no-title","meta":{"_gspb_post_css":"","_themeisle_gutenberg_block_has_review":false,"footnotes":""},"class_list":["post-1128","page","type-page","status-publish","hentry"],"_links":{"self":[{"href":"https:\/\/perfectpools4you.com\/index.php?rest_route=\/wp\/v2\/pages\/1128","targetHints":{"allow":["GET"]}}],"collection":[{"href":"https:\/\/perfectpools4you.com\/index.php?rest_route=\/wp\/v2\/pages"}],"about":[{"href":"https:\/\/perfectpools4you.com\/index.php?rest_route=\/wp\/v2\/types\/page"}],"author":[{"embeddable":true,"href":"https:\/\/perfectpools4you.com\/index.php?rest_route=\/wp\/v2\/users\/1"}],"replies":[{"embeddable":true,"href":"https:\/\/perfectpools4you.com\/index.php?rest_route=%2Fwp%2Fv2%2Fcomments&post=1128"}],"version-history":[{"count":34,"href":"https:\/\/perfectpools4you.com\/index.php?rest_route=\/wp\/v2\/pages\/1128\/revisions"}],"predecessor-version":[{"id":1238,"href":"https:\/\/perfectpools4you.com\/index.php?rest_route=\/wp\/v2\/pages\/1128\/revisions\/1238"}],"wp:attachment":[{"href":"https:\/\/perfectpools4you.com\/index.php?rest_route=%2Fwp%2Fv2%2Fmedia&parent=1128"}],"curies":[{"name":"wp","href":"https:\/\/api.w.org\/{rel}","templated":true}]}}