{"id":1044,"date":"2025-03-15T09:45:12","date_gmt":"2025-03-15T09:45:12","guid":{"rendered":"https:\/\/perfectpools4you.com\/?page_id=1044"},"modified":"2026-01-10T15:39:01","modified_gmt":"2026-01-10T15:39:01","slug":"sobre-nos","status":"publish","type":"page","link":"https:\/\/perfectpools4you.com\/?page_id=1044","title":{"rendered":"Sobre N\u00f3s"},"content":{"rendered":"\n<p><\/p>\n\n\n\n<div id=\"wp-block-themeisle-blocks-advanced-columns-c8ca2551\" class=\"wp-block-themeisle-blocks-advanced-columns alignfull has-1-columns has-desktop-equal-layout has-tablet-equal-layout has-mobile-equal-layout has-vertical-center\"><div class=\"wp-block-themeisle-blocks-advanced-columns-overlay\"><\/div><div class=\"innerblocks-wrap\">\n<div id=\"wp-block-themeisle-blocks-advanced-column-3437aeae\" class=\"wp-block-themeisle-blocks-advanced-column\">\n<h1 class=\"wp-block-heading has-text-color\" id=\"about-us-1\" style=\"color:#ffffff;font-size:clamp(37.821px, 2.364rem + ((1vw - 3.2px) * 3.352), 70px);\">Sobre N\u00f3s<\/h1>\n<\/div>\n<\/div><\/div>\n\n\n\n<div id=\"wp-block-themeisle-blocks-advanced-columns-8fbb683b\" class=\"wp-block-themeisle-blocks-advanced-columns alignfull has-2-columns has-desktop-equal-layout has-tablet-equal-layout has-mobile-collapsedRows-layout has-vertical-unset\"><div class=\"wp-block-themeisle-blocks-advanced-columns-overlay\"><\/div><div class=\"innerblocks-wrap\">\n<div id=\"wp-block-themeisle-blocks-advanced-column-620e3016\" class=\"wp-block-themeisle-blocks-advanced-column\">\n<h2 class=\"wp-block-heading has-base-color has-text-color has-link-color wp-elements-d60a889643dfd54f6dd98267c44477bf\" id=\"our-story-1\" style=\"font-size:clamp(28.836px, 1.802rem + ((1vw - 3.2px) * 2.205), 50px);\"><strong>A nossa Hist\u00f3ria<\/strong><\/h2>\n\n\n\n<p class=\"has-base-color has-text-color has-link-color wp-elements-fe9bc4e583112b7452de27891424d1c9\">Fundada em 2014, contando j\u00e1 com v\u00e1rios anos de experi\u00eancia no ramo, a PerfectPools4You est\u00e1 sediada em Aljezur e atua em toda a Costa Vicentina, incluindo Aljezur, Vale da Telha, Vila do Bispo, Alfambras e Lagos&#8230; A nossa miss\u00e3o \u00e9 entregar o melhor servi\u00e7o e acompanhamento aos nossos clientes, garantindo qualidade, servi\u00e7o e seguran\u00e7a no nosso trabalho.<\/p>\n\n\n\n<p class=\"has-base-color has-text-color has-link-color wp-elements-b352e7f184327cd8fd6e1434683c9b99\">Valorizamos a forma\u00e7\u00e3o e especializa\u00e7\u00e3o, e somos por isso uma empresa certificada pela DGERT, e conseguimos por isso garantir que os nossos colaboradores est\u00e3o sempre atualizados ao n\u00edvel do mercado. Para garantir a qualidade do nosso servi\u00e7o, contamos tamb\u00e9m com os melhores fornecedores e com os produtos de melhor qualidade.<\/p>\n<\/div>\n\n\n\n<div id=\"wp-block-themeisle-blocks-advanced-column-df784873\" class=\"wp-block-themeisle-blocks-advanced-column\">\n<div style=\"height:148px\" aria-hidden=\"true\" class=\"wp-block-spacer\"><\/div>\n\n\n\n<figure class=\"wp-block-image size-full has-custom-border\" style=\"margin-top:0;margin-bottom:0\"><img loading=\"lazy\" decoding=\"async\" width=\"512\" height=\"512\" src=\"https:\/\/perfectpools4you.com\/wp-content\/uploads\/2025\/03\/cropped-asddas.png\" alt=\"\" class=\"wp-image-1042\" style=\"border-style:none;border-width:0px;border-radius:0px\" srcset=\"https:\/\/perfectpools4you.com\/wp-content\/uploads\/2025\/03\/cropped-asddas.png 512w, https:\/\/perfectpools4you.com\/wp-content\/uploads\/2025\/03\/cropped-asddas-300x300.png 300w, https:\/\/perfectpools4you.com\/wp-content\/uploads\/2025\/03\/cropped-asddas-150x150.png 150w, https:\/\/perfectpools4you.com\/wp-content\/uploads\/2025\/03\/cropped-asddas-100x100.png 100w, https:\/\/perfectpools4you.com\/wp-content\/uploads\/2025\/03\/cropped-asddas-270x270.png 270w, https:\/\/perfectpools4you.com\/wp-content\/uploads\/2025\/03\/cropped-asddas-192x192.png 192w, https:\/\/perfectpools4you.com\/wp-content\/uploads\/2025\/03\/cropped-asddas-180x180.png 180w, https:\/\/perfectpools4you.com\/wp-content\/uploads\/2025\/03\/cropped-asddas-32x32.png 32w\" sizes=\"auto, (max-width: 512px) 100vw, 512px\" \/><\/figure>\n<\/div>\n<\/div><\/div>\n\n\n\n<div id=\"wp-block-themeisle-blocks-advanced-columns-6060ad37\" class=\"wp-block-themeisle-blocks-advanced-columns alignfull has-1-columns has-desktop-equal-layout has-tablet-equal-layout has-mobile-equal-layout has-vertical-unset has-light-bg\"><div class=\"wp-block-themeisle-blocks-advanced-columns-overlay\"><\/div><div class=\"innerblocks-wrap\">\n<div id=\"wp-block-themeisle-blocks-advanced-column-e9443913\" class=\"wp-block-themeisle-blocks-advanced-column\">\n<h6 class=\"wp-block-heading has-contrast-color has-text-color\" id=\"why-choose-us-1\"><strong>Porque a PerfectPools4You?<\/strong><\/h6>\n\n\n\n<h2 class=\"wp-block-heading has-contrast-color has-text-color has-link-color wp-elements-10f37cc14f875ffa584131a30d9d67e9\" id=\"45-years-of-experience-1\"><strong>11 Anos de Experi\u00eancia<\/strong><\/h2>\n\n\n\n<p class=\"has-contrast-color has-text-color has-link-color wp-elements-06fa92a8ccf622c5b4a6478328e28a03\">Com mais de uma d\u00e9cada de experi\u00eancia, garantimos solu\u00e7\u00f5es eficientes e personalizadas para a manuten\u00e7\u00e3o, repara\u00e7\u00e3o e constru\u00e7\u00e3o de piscinas. Desde 2014, conquist\u00e1mos a confian\u00e7a dos nossos clientes atrav\u00e9s de um servi\u00e7o profissional, produtos de alta qualidade e um compromisso inabal\u00e1vel com a excel\u00eancia. Escolha-nos para cuidar da sua piscina com rigor, dedica\u00e7\u00e3o e conhecimento especializado.<\/p>\n<\/div>\n<\/div><\/div>\n\n\n\n<div id=\"wp-block-themeisle-blocks-advanced-columns-f0d39e55\" class=\"wp-block-themeisle-blocks-advanced-columns alignfull has-3-columns has-desktop-equal-layout has-tablet-equal-layout has-mobile-collapsedRows-layout has-vertical-unset has-light-bg\"><div class=\"wp-block-themeisle-blocks-advanced-columns-overlay\"><\/div><div class=\"innerblocks-wrap\">\n<div id=\"wp-block-themeisle-blocks-advanced-column-df3a3bbe\" class=\"wp-block-themeisle-blocks-advanced-column has-light-bg\">\n<div id=\"wp-block-themeisle-blocks-font-awesome-icons-7b689dc6\" class=\"wp-block-themeisle-blocks-font-awesome-icons\"><span class=\"wp-block-themeisle-blocks-font-awesome-icons-container\"><i class=\"fas fa-shield-alt\"><\/i><\/span><\/div>\n\n\n\n<h3 class=\"wp-block-heading has-text-color\" id=\"trust-1\" style=\"color:#3d9bd2;margin-top:0px\"><strong>Confian\u00e7a<\/strong><\/h3>\n\n\n\n<p class=\"has-text-color has-link-color wp-elements-b59b99325152e2d057b1d4274efef1fb\" style=\"color:#3d9bd2\">Servi\u00e7o transparente, profissionais experientes e um compromisso total com a seguran\u00e7a e fiabilidade.<\/p>\n<\/div>\n\n\n\n<div id=\"wp-block-themeisle-blocks-advanced-column-a92486ee\" class=\"wp-block-themeisle-blocks-advanced-column has-light-bg\">\n<div id=\"wp-block-themeisle-blocks-font-awesome-icons-a8eb2801\" class=\"wp-block-themeisle-blocks-font-awesome-icons\"><span class=\"wp-block-themeisle-blocks-font-awesome-icons-container\"><i class=\"fas fa-check-double\"><\/i><\/span><\/div>\n\n\n\n<h3 class=\"wp-block-heading has-text-color\" id=\"quality-1\" style=\"color:#3d9bd2;margin-top:0px\"><strong>Qualidade<\/strong><\/h3>\n\n\n\n<p class=\"has-text-color has-link-color wp-elements-3781117f2ee5267d4b62ec115d81c74f\" style=\"color:#3d9bd2\">Trabalhamos com os melhores materiais e t\u00e9cnicos especializados para garantir piscinas seguras, dur\u00e1veis e sempre impec\u00e1veis.<\/p>\n<\/div>\n\n\n\n<div id=\"wp-block-themeisle-blocks-advanced-column-0c34f1ca\" class=\"wp-block-themeisle-blocks-advanced-column has-light-bg\">\n<div id=\"wp-block-themeisle-blocks-font-awesome-icons-f40c09c5\" class=\"wp-block-themeisle-blocks-font-awesome-icons\"><span class=\"wp-block-themeisle-blocks-font-awesome-icons-container\"><i class=\"fas fa-users\"><\/i><\/span><\/div>\n\n\n\n<h3 class=\"wp-block-heading has-text-color\" id=\"innovation-1\" style=\"color:#3d9bd2;margin-top:0px\"><strong>O Cliente em 1\u00ba Lugar<\/strong><\/h3>\n\n\n\n<p class=\"has-text-color has-link-color wp-elements-0c71f9245e441127c4004141b7835a60\" style=\"color:#3d9bd2\">Atendimento personalizado, resposta r\u00e1pida e solu\u00e7\u00f5es \u00e0 medida para superar as suas expectativas.<\/p>\n<\/div>\n<\/div><\/div>\n\n\n\n<div class=\"wp-block-group alignfull has-text-color has-background is-layout-flow wp-block-group-is-layout-flow\" style=\"color:#000000;background-color:#ffffff\">\n<div style=\"height:64px\" aria-hidden=\"true\" class=\"wp-block-spacer\"><\/div>\n\n\n\n<p class=\"has-text-align-center has-base-color has-text-color has-link-color has-small-font-size wp-elements-a020ffb4a7fdeb1c1fc86282dcd6204a\" style=\"line-height:.9\"><strong>Entre em Contacto<\/strong><\/p>\n\n\n\n<h2 class=\"wp-block-heading has-text-align-center has-base-color has-text-color has-link-color wp-elements-aa4dbcdc4fc7ba14bce487481c47950e\" id=\"schedule-a-visit\" style=\"font-size:clamp(32.969px, 2.061rem + ((1vw - 3.2px) * 2.712), 59px);px;line-height:1.15\"><strong>Pe\u00e7a um or\u00e7amento<\/strong><\/h2>\n\n\n\n<div class=\"wp-block-buttons is-horizontal is-content-justification-center is-layout-flex wp-container-core-buttons-is-layout-03627597 wp-block-buttons-is-layout-flex\">\n<div class=\"wp-block-button has-custom-width wp-block-button__width-50\"><a class=\"wp-block-button__link has-base-background-color has-text-color has-background wp-element-button\" href=\"https:\/\/perfectpools4you.com\/?page_id=1058\" style=\"border-radius:50px;color:#ffffff\">Contactos<\/a><\/div>\n<\/div>\n\n\n\n<div style=\"height:64px\" aria-hidden=\"true\" class=\"wp-block-spacer\"><\/div>\n<\/div>\n\n\n\n<p><\/p>\n","protected":false},"excerpt":{"rendered":"<p>Entre em Contacto Pe\u00e7a um or\u00e7amento<\/p>\n","protected":false},"author":1,"featured_media":0,"parent":0,"menu_order":0,"comment_status":"closed","ping_status":"closed","template":"page-no-title","meta":{"_gspb_post_css":"","_themeisle_gutenberg_block_has_review":false,"footnotes":""},"class_list":["post-1044","page","type-page","status-publish","hentry"],"_links":{"self":[{"href":"https:\/\/perfectpools4you.com\/index.php?rest_route=\/wp\/v2\/pages\/1044","targetHints":{"allow":["GET"]}}],"collection":[{"href":"https:\/\/perfectpools4you.com\/index.php?rest_route=\/wp\/v2\/pages"}],"about":[{"href":"https:\/\/perfectpools4you.com\/index.php?rest_route=\/wp\/v2\/types\/page"}],"author":[{"embeddable":true,"href":"https:\/\/perfectpools4you.com\/index.php?rest_route=\/wp\/v2\/users\/1"}],"replies":[{"embeddable":true,"href":"https:\/\/perfectpools4you.com\/index.php?rest_route=%2Fwp%2Fv2%2Fcomments&post=1044"}],"version-history":[{"count":14,"href":"https:\/\/perfectpools4you.com\/index.php?rest_route=\/wp\/v2\/pages\/1044\/revisions"}],"predecessor-version":[{"id":1235,"href":"https:\/\/perfectpools4you.com\/index.php?rest_route=\/wp\/v2\/pages\/1044\/revisions\/1235"}],"wp:attachment":[{"href":"https:\/\/perfectpools4you.com\/index.php?rest_route=%2Fwp%2Fv2%2Fmedia&parent=1044"}],"curies":[{"name":"wp","href":"https:\/\/api.w.org\/{rel}","templated":true}]}}